{"id":3511,"date":"2025-03-31T08:18:19","date_gmt":"2025-03-31T11:18:19","guid":{"rendered":"https:\/\/www.bomprincipioalimentos.com.br\/site\/?page_id=3511"},"modified":"2025-03-31T08:56:39","modified_gmt":"2025-03-31T11:56:39","slug":"geleias","status":"publish","type":"page","link":"https:\/\/www.bomprincipioalimentos.com.br\/site\/geleias\/","title":{"rendered":"Geleias"},"content":{"rendered":"\t\t<div data-elementor-type=\"wp-page\" data-elementor-id=\"3511\" class=\"elementor elementor-3511\" data-elementor-post-type=\"page\">\n\t\t\t\t<div class=\"elementor-element elementor-element-5391badf e-flex e-con-boxed e-con e-parent\" data-id=\"5391badf\" data-element_type=\"container\" data-e-type=\"container\">\n\t\t\t\t\t<div class=\"e-con-inner\">\n\t\t\t\t<div class=\"elementor-element elementor-element-7351353a elementor-widget elementor-widget-text-editor\" data-id=\"7351353a\" data-element_type=\"widget\" data-e-type=\"widget\" data-widget_type=\"text-editor.default\">\n\t\t\t\t<div class=\"elementor-widget-container\">\n\t\t\t\t\t\t\t\t\t<p style=\"text-align: center;\">Selecione abaixo qual a linha de Geleias da Bom Princ\u00edpio Alimentos que voc\u00ea deseja conhecer<\/p>\n<p><a href=\"https:\/\/www.bomprincipioalimentos.com.br\/site\/categorias-produtos\/geleias-gourmet\/\"><img fetchpriority=\"high\" decoding=\"async\" class=\"wp-image-3513 size-full aligncenter\" src=\"https:\/\/www.bomprincipioalimentos.com.br\/site\/wp-content\/uploads\/2025\/03\/Geleias-Gourmet-480-x-320-px.png\" alt=\"\" width=\"480\" height=\"320\" srcset=\"https:\/\/www.bomprincipioalimentos.com.br\/site\/wp-content\/uploads\/2025\/03\/Geleias-Gourmet-480-x-320-px.png 480w, https:\/\/www.bomprincipioalimentos.com.br\/site\/wp-content\/uploads\/2025\/03\/Geleias-Gourmet-480-x-320-px-300x200.png 300w\" sizes=\"(max-width: 480px) 100vw, 480px\" \/><\/a> <a href=\"https:\/\/www.bomprincipioalimentos.com.br\/site\/categorias-produtos\/geleias-de-frutas\/\"><img decoding=\"async\" class=\"wp-image-3514 size-full aligncenter\" src=\"https:\/\/www.bomprincipioalimentos.com.br\/site\/wp-content\/uploads\/2025\/03\/Geleias-de-Frutas-480-x-320-px.png\" alt=\"\" width=\"480\" height=\"320\" srcset=\"https:\/\/www.bomprincipioalimentos.com.br\/site\/wp-content\/uploads\/2025\/03\/Geleias-de-Frutas-480-x-320-px.png 480w, https:\/\/www.bomprincipioalimentos.com.br\/site\/wp-content\/uploads\/2025\/03\/Geleias-de-Frutas-480-x-320-px-300x200.png 300w\" sizes=\"(max-width: 480px) 100vw, 480px\" \/><\/a><\/p>\t\t\t\t\t\t\t\t<\/div>\n\t\t\t\t<\/div>\n\t\t\t\t\t<\/div>\n\t\t\t\t<\/div>\n\t\t\t\t<\/div>\n\t\t","protected":false},"excerpt":{"rendered":"<p>Selecione abaixo qual a linha de Geleias da Bom Princ\u00edpio Alimentos que voc\u00ea deseja conhecer<\/p>\n","protected":false},"author":2,"featured_media":0,"parent":0,"menu_order":0,"comment_status":"closed","ping_status":"closed","template":"","meta":{"_acf_changed":false,"footnotes":""},"class_list":["post-3511","page","type-page","status-publish","hentry"],"acf":[],"yoast_head":"<!-- This site is optimized with the Yoast SEO plugin v27.5 - https:\/\/yoast.com\/product\/yoast-seo-wordpress\/ -->\n<title>Geleias - Bom Princ\u00edpio Alimentos<\/title>\n<meta name=\"robots\" content=\"index, follow, max-snippet:-1, max-image-preview:large, max-video-preview:-1\" \/>\n<link rel=\"canonical\" href=\"https:\/\/www.bomprincipioalimentos.com.br\/site\/geleias\/\" \/>\n<meta property=\"og:locale\" content=\"pt_BR\" \/>\n<meta property=\"og:type\" content=\"article\" \/>\n<meta property=\"og:title\" content=\"Geleias - Bom Princ\u00edpio Alimentos\" \/>\n<meta property=\"og:description\" content=\"Selecione abaixo qual a linha de Geleias da Bom Princ\u00edpio Alimentos que voc\u00ea deseja conhecer\" \/>\n<meta property=\"og:url\" content=\"https:\/\/www.bomprincipioalimentos.com.br\/site\/geleias\/\" \/>\n<meta property=\"og:site_name\" content=\"Bom Princ\u00edpio Alimentos\" \/>\n<meta property=\"article:modified_time\" content=\"2025-03-31T11:56:39+00:00\" \/>\n<meta property=\"og:image\" content=\"https:\/\/www.bomprincipioalimentos.com.br\/site\/wp-content\/uploads\/2025\/03\/Geleias-Gourmet-480-x-320-px.png\" \/>\n\t<meta property=\"og:image:width\" content=\"480\" \/>\n\t<meta property=\"og:image:height\" content=\"320\" \/>\n\t<meta property=\"og:image:type\" content=\"image\/png\" \/>\n<meta name=\"twitter:card\" content=\"summary_large_image\" \/>\n<meta name=\"twitter:label1\" content=\"Est. tempo de leitura\" \/>\n\t<meta name=\"twitter:data1\" content=\"1 minuto\" \/>\n<script type=\"application\/ld+json\" class=\"yoast-schema-graph\">{\"@context\":\"https:\\\/\\\/schema.org\",\"@graph\":[{\"@type\":\"WebPage\",\"@id\":\"https:\\\/\\\/www.bomprincipioalimentos.com.br\\\/site\\\/geleias\\\/\",\"url\":\"https:\\\/\\\/www.bomprincipioalimentos.com.br\\\/site\\\/geleias\\\/\",\"name\":\"Geleias - Bom Princ\u00edpio Alimentos\",\"isPartOf\":{\"@id\":\"https:\\\/\\\/www.bomprincipioalimentos.com.br\\\/site\\\/#website\"},\"primaryImageOfPage\":{\"@id\":\"https:\\\/\\\/www.bomprincipioalimentos.com.br\\\/site\\\/geleias\\\/#primaryimage\"},\"image\":{\"@id\":\"https:\\\/\\\/www.bomprincipioalimentos.com.br\\\/site\\\/geleias\\\/#primaryimage\"},\"thumbnailUrl\":\"https:\\\/\\\/www.bomprincipioalimentos.com.br\\\/site\\\/wp-content\\\/uploads\\\/2025\\\/03\\\/Geleias-Gourmet-480-x-320-px.png\",\"datePublished\":\"2025-03-31T11:18:19+00:00\",\"dateModified\":\"2025-03-31T11:56:39+00:00\",\"breadcrumb\":{\"@id\":\"https:\\\/\\\/www.bomprincipioalimentos.com.br\\\/site\\\/geleias\\\/#breadcrumb\"},\"inLanguage\":\"pt-BR\",\"potentialAction\":[{\"@type\":\"ReadAction\",\"target\":[\"https:\\\/\\\/www.bomprincipioalimentos.com.br\\\/site\\\/geleias\\\/\"]}]},{\"@type\":\"ImageObject\",\"inLanguage\":\"pt-BR\",\"@id\":\"https:\\\/\\\/www.bomprincipioalimentos.com.br\\\/site\\\/geleias\\\/#primaryimage\",\"url\":\"https:\\\/\\\/www.bomprincipioalimentos.com.br\\\/site\\\/wp-content\\\/uploads\\\/2025\\\/03\\\/Geleias-Gourmet-480-x-320-px.png\",\"contentUrl\":\"https:\\\/\\\/www.bomprincipioalimentos.com.br\\\/site\\\/wp-content\\\/uploads\\\/2025\\\/03\\\/Geleias-Gourmet-480-x-320-px.png\",\"width\":480,\"height\":320},{\"@type\":\"BreadcrumbList\",\"@id\":\"https:\\\/\\\/www.bomprincipioalimentos.com.br\\\/site\\\/geleias\\\/#breadcrumb\",\"itemListElement\":[{\"@type\":\"ListItem\",\"position\":1,\"name\":\"In\u00edcio\",\"item\":\"https:\\\/\\\/www.bomprincipioalimentos.com.br\\\/site\\\/\"},{\"@type\":\"ListItem\",\"position\":2,\"name\":\"Geleias\"}]},{\"@type\":\"WebSite\",\"@id\":\"https:\\\/\\\/www.bomprincipioalimentos.com.br\\\/site\\\/#website\",\"url\":\"https:\\\/\\\/www.bomprincipioalimentos.com.br\\\/site\\\/\",\"name\":\"Bom Princ\u00edpio Alimentos\",\"description\":\"\",\"publisher\":{\"@id\":\"https:\\\/\\\/www.bomprincipioalimentos.com.br\\\/site\\\/#organization\"},\"potentialAction\":[{\"@type\":\"SearchAction\",\"target\":{\"@type\":\"EntryPoint\",\"urlTemplate\":\"https:\\\/\\\/www.bomprincipioalimentos.com.br\\\/site\\\/?s={search_term_string}\"},\"query-input\":{\"@type\":\"PropertyValueSpecification\",\"valueRequired\":true,\"valueName\":\"search_term_string\"}}],\"inLanguage\":\"pt-BR\"},{\"@type\":\"Organization\",\"@id\":\"https:\\\/\\\/www.bomprincipioalimentos.com.br\\\/site\\\/#organization\",\"name\":\"Bom Princ\u00edpio Alimentos\",\"url\":\"https:\\\/\\\/www.bomprincipioalimentos.com.br\\\/site\\\/\",\"logo\":{\"@type\":\"ImageObject\",\"inLanguage\":\"pt-BR\",\"@id\":\"https:\\\/\\\/www.bomprincipioalimentos.com.br\\\/site\\\/#\\\/schema\\\/logo\\\/image\\\/\",\"url\":\"https:\\\/\\\/www.bomprincipioalimentos.com.br\\\/site\\\/wp-content\\\/uploads\\\/2024\\\/11\\\/logo-footer-bom-principio-alimentos.webp\",\"contentUrl\":\"https:\\\/\\\/www.bomprincipioalimentos.com.br\\\/site\\\/wp-content\\\/uploads\\\/2024\\\/11\\\/logo-footer-bom-principio-alimentos.webp\",\"width\":561,\"height\":231,\"caption\":\"Bom Princ\u00edpio Alimentos\"},\"image\":{\"@id\":\"https:\\\/\\\/www.bomprincipioalimentos.com.br\\\/site\\\/#\\\/schema\\\/logo\\\/image\\\/\"}}]}<\/script>\n<!-- \/ Yoast SEO plugin. -->","yoast_head_json":{"title":"Geleias - Bom Princ\u00edpio Alimentos","robots":{"index":"index","follow":"follow","max-snippet":"max-snippet:-1","max-image-preview":"max-image-preview:large","max-video-preview":"max-video-preview:-1"},"canonical":"https:\/\/www.bomprincipioalimentos.com.br\/site\/geleias\/","og_locale":"pt_BR","og_type":"article","og_title":"Geleias - Bom Princ\u00edpio Alimentos","og_description":"Selecione abaixo qual a linha de Geleias da Bom Princ\u00edpio Alimentos que voc\u00ea deseja conhecer","og_url":"https:\/\/www.bomprincipioalimentos.com.br\/site\/geleias\/","og_site_name":"Bom Princ\u00edpio Alimentos","article_modified_time":"2025-03-31T11:56:39+00:00","og_image":[{"width":480,"height":320,"url":"https:\/\/www.bomprincipioalimentos.com.br\/site\/wp-content\/uploads\/2025\/03\/Geleias-Gourmet-480-x-320-px.png","type":"image\/png"}],"twitter_card":"summary_large_image","twitter_misc":{"Est. tempo de leitura":"1 minuto"},"schema":{"@context":"https:\/\/schema.org","@graph":[{"@type":"WebPage","@id":"https:\/\/www.bomprincipioalimentos.com.br\/site\/geleias\/","url":"https:\/\/www.bomprincipioalimentos.com.br\/site\/geleias\/","name":"Geleias - Bom Princ\u00edpio Alimentos","isPartOf":{"@id":"https:\/\/www.bomprincipioalimentos.com.br\/site\/#website"},"primaryImageOfPage":{"@id":"https:\/\/www.bomprincipioalimentos.com.br\/site\/geleias\/#primaryimage"},"image":{"@id":"https:\/\/www.bomprincipioalimentos.com.br\/site\/geleias\/#primaryimage"},"thumbnailUrl":"https:\/\/www.bomprincipioalimentos.com.br\/site\/wp-content\/uploads\/2025\/03\/Geleias-Gourmet-480-x-320-px.png","datePublished":"2025-03-31T11:18:19+00:00","dateModified":"2025-03-31T11:56:39+00:00","breadcrumb":{"@id":"https:\/\/www.bomprincipioalimentos.com.br\/site\/geleias\/#breadcrumb"},"inLanguage":"pt-BR","potentialAction":[{"@type":"ReadAction","target":["https:\/\/www.bomprincipioalimentos.com.br\/site\/geleias\/"]}]},{"@type":"ImageObject","inLanguage":"pt-BR","@id":"https:\/\/www.bomprincipioalimentos.com.br\/site\/geleias\/#primaryimage","url":"https:\/\/www.bomprincipioalimentos.com.br\/site\/wp-content\/uploads\/2025\/03\/Geleias-Gourmet-480-x-320-px.png","contentUrl":"https:\/\/www.bomprincipioalimentos.com.br\/site\/wp-content\/uploads\/2025\/03\/Geleias-Gourmet-480-x-320-px.png","width":480,"height":320},{"@type":"BreadcrumbList","@id":"https:\/\/www.bomprincipioalimentos.com.br\/site\/geleias\/#breadcrumb","itemListElement":[{"@type":"ListItem","position":1,"name":"In\u00edcio","item":"https:\/\/www.bomprincipioalimentos.com.br\/site\/"},{"@type":"ListItem","position":2,"name":"Geleias"}]},{"@type":"WebSite","@id":"https:\/\/www.bomprincipioalimentos.com.br\/site\/#website","url":"https:\/\/www.bomprincipioalimentos.com.br\/site\/","name":"Bom Princ\u00edpio Alimentos","description":"","publisher":{"@id":"https:\/\/www.bomprincipioalimentos.com.br\/site\/#organization"},"potentialAction":[{"@type":"SearchAction","target":{"@type":"EntryPoint","urlTemplate":"https:\/\/www.bomprincipioalimentos.com.br\/site\/?s={search_term_string}"},"query-input":{"@type":"PropertyValueSpecification","valueRequired":true,"valueName":"search_term_string"}}],"inLanguage":"pt-BR"},{"@type":"Organization","@id":"https:\/\/www.bomprincipioalimentos.com.br\/site\/#organization","name":"Bom Princ\u00edpio Alimentos","url":"https:\/\/www.bomprincipioalimentos.com.br\/site\/","logo":{"@type":"ImageObject","inLanguage":"pt-BR","@id":"https:\/\/www.bomprincipioalimentos.com.br\/site\/#\/schema\/logo\/image\/","url":"https:\/\/www.bomprincipioalimentos.com.br\/site\/wp-content\/uploads\/2024\/11\/logo-footer-bom-principio-alimentos.webp","contentUrl":"https:\/\/www.bomprincipioalimentos.com.br\/site\/wp-content\/uploads\/2024\/11\/logo-footer-bom-principio-alimentos.webp","width":561,"height":231,"caption":"Bom Princ\u00edpio Alimentos"},"image":{"@id":"https:\/\/www.bomprincipioalimentos.com.br\/site\/#\/schema\/logo\/image\/"}}]}},"_links":{"self":[{"href":"https:\/\/www.bomprincipioalimentos.com.br\/site\/wp-json\/wp\/v2\/pages\/3511","targetHints":{"allow":["GET"]}}],"collection":[{"href":"https:\/\/www.bomprincipioalimentos.com.br\/site\/wp-json\/wp\/v2\/pages"}],"about":[{"href":"https:\/\/www.bomprincipioalimentos.com.br\/site\/wp-json\/wp\/v2\/types\/page"}],"author":[{"embeddable":true,"href":"https:\/\/www.bomprincipioalimentos.com.br\/site\/wp-json\/wp\/v2\/users\/2"}],"replies":[{"embeddable":true,"href":"https:\/\/www.bomprincipioalimentos.com.br\/site\/wp-json\/wp\/v2\/comments?post=3511"}],"version-history":[{"count":22,"href":"https:\/\/www.bomprincipioalimentos.com.br\/site\/wp-json\/wp\/v2\/pages\/3511\/revisions"}],"predecessor-version":[{"id":3536,"href":"https:\/\/www.bomprincipioalimentos.com.br\/site\/wp-json\/wp\/v2\/pages\/3511\/revisions\/3536"}],"wp:attachment":[{"href":"https:\/\/www.bomprincipioalimentos.com.br\/site\/wp-json\/wp\/v2\/media?parent=3511"}],"curies":[{"name":"wp","href":"https:\/\/api.w.org\/{rel}","templated":true}]}}