{"id":1835,"date":"2024-12-02T14:47:33","date_gmt":"2024-12-02T17:47:33","guid":{"rendered":"https:\/\/www.bomprincipioalimentos.com.br\/site\/?page_id=1835"},"modified":"2025-10-27T09:45:40","modified_gmt":"2025-10-27T12:45:40","slug":"esg","status":"publish","type":"page","link":"https:\/\/www.bomprincipioalimentos.com.br\/site\/esg\/","title":{"rendered":"ESG"},"content":{"rendered":"\t\t<div data-elementor-type=\"wp-page\" data-elementor-id=\"1835\" class=\"elementor elementor-1835\" data-elementor-post-type=\"page\">\n\t\t\t\t<div class=\"elementor-element elementor-element-55e47b9 e-flex e-con-boxed elementor-invisible e-con e-parent\" data-id=\"55e47b9\" data-element_type=\"container\" data-settings=\"{&quot;background_background&quot;:&quot;classic&quot;,&quot;animation&quot;:&quot;fadeIn&quot;}\">\n\t\t\t\t\t<div class=\"e-con-inner\">\n\t\t<div class=\"elementor-element elementor-element-bca9f66 e-con-full e-flex e-con e-child\" data-id=\"bca9f66\" data-element_type=\"container\">\n\t\t\t\t<div class=\"elementor-element elementor-element-7aedf72 elementor-widget__width-initial elementor-widget elementor-widget-heading\" data-id=\"7aedf72\" data-element_type=\"widget\" data-widget_type=\"heading.default\">\n\t\t\t\t<div class=\"elementor-widget-container\">\n\t\t\t\t\t<h1 class=\"elementor-heading-title elementor-size-default\">ESG<\/h1>\t\t\t\t<\/div>\n\t\t\t\t<\/div>\n\t\t\t\t<div class=\"elementor-element elementor-element-f1088eb elementor-widget__width-initial elementor-widget elementor-widget-heading\" data-id=\"f1088eb\" data-element_type=\"widget\" data-widget_type=\"heading.default\">\n\t\t\t\t<div class=\"elementor-widget-container\">\n\t\t\t\t\t<h3 class=\"elementor-heading-title elementor-size-default\">Conhe\u00e7a nossas pr\u00e1ticas de\nsustentabilidade empresarial:<br>meio ambiente, social e governan\u00e7a.<\/h3>\t\t\t\t<\/div>\n\t\t\t\t<\/div>\n\t\t\t\t<\/div>\n\t\t<div class=\"elementor-element elementor-element-0119578 e-con-full e-flex e-con e-child\" data-id=\"0119578\" data-element_type=\"container\" data-settings=\"{&quot;background_background&quot;:&quot;classic&quot;}\">\n\t\t\t\t<\/div>\n\t\t\t\t\t<\/div>\n\t\t\t\t<\/div>\n\t\t<div class=\"elementor-element elementor-element-7f34f63 e-flex e-con-boxed elementor-invisible e-con e-parent\" data-id=\"7f34f63\" data-element_type=\"container\" data-settings=\"{&quot;animation&quot;:&quot;fadeIn&quot;}\">\n\t\t\t\t\t<div class=\"e-con-inner\">\n\t\t<div class=\"elementor-element elementor-element-4699f22 e-con-full elementor-hidden-mobile e-flex e-con e-child\" data-id=\"4699f22\" data-element_type=\"container\">\n\t\t\t\t<div class=\"elementor-element elementor-element-9c32f6c animated-slow elementor-invisible elementor-widget elementor-widget-image\" data-id=\"9c32f6c\" data-element_type=\"widget\" data-settings=\"{&quot;_animation&quot;:&quot;fadeIn&quot;,&quot;_animation_delay&quot;:300}\" data-widget_type=\"image.default\">\n\t\t\t\t<div class=\"elementor-widget-container\">\n\t\t\t\t\t\t\t\t\t\t\t\t\t\t\t<img fetchpriority=\"high\" decoding=\"async\" width=\"646\" height=\"1024\" src=\"https:\/\/www.bomprincipioalimentos.com.br\/site\/wp-content\/uploads\/2024\/12\/tree-2515748_1280-646x1024.png\" class=\"attachment-large size-large wp-image-2131\" alt=\"\" srcset=\"https:\/\/www.bomprincipioalimentos.com.br\/site\/wp-content\/uploads\/2024\/12\/tree-2515748_1280-646x1024.png 646w, https:\/\/www.bomprincipioalimentos.com.br\/site\/wp-content\/uploads\/2024\/12\/tree-2515748_1280-189x300.png 189w, https:\/\/www.bomprincipioalimentos.com.br\/site\/wp-content\/uploads\/2024\/12\/tree-2515748_1280-768x1218.png 768w, https:\/\/www.bomprincipioalimentos.com.br\/site\/wp-content\/uploads\/2024\/12\/tree-2515748_1280.png 938w\" sizes=\"(max-width: 646px) 100vw, 646px\" \/>\t\t\t\t\t\t\t\t\t\t\t\t\t\t\t<\/div>\n\t\t\t\t<\/div>\n\t\t\t\t<\/div>\n\t\t<div class=\"elementor-element elementor-element-a354336 e-con-full e-flex e-con e-child\" data-id=\"a354336\" data-element_type=\"container\">\n\t\t\t\t<div class=\"elementor-element elementor-element-03308ea elementor-widget elementor-widget-heading\" data-id=\"03308ea\" data-element_type=\"widget\" data-widget_type=\"heading.default\">\n\t\t\t\t<div class=\"elementor-widget-container\">\n\t\t\t\t\t<h2 class=\"elementor-heading-title elementor-size-default\">Conhe\u00e7a nossas a\u00e7\u00f5es<\/h2>\t\t\t\t<\/div>\n\t\t\t\t<\/div>\n\t\t\t\t<div class=\"elementor-element elementor-element-96b97c6 elementor-widget elementor-widget-text-editor\" data-id=\"96b97c6\" data-element_type=\"widget\" data-widget_type=\"text-editor.default\">\n\t\t\t\t<div class=\"elementor-widget-container\">\n\t\t\t\t\t\t\t\t\t<p><strong>Bom Princ\u00edpio Alimentos investe R$ 6 mi em matriz energ\u00e9tica renov\u00e1vel<\/strong><\/p><p>Em sintonia com nossa estrat\u00e9gia socioambiental, investimos R$ 6 milh\u00f5es na instala\u00e7\u00e3o de uma nova caldeira alimentada por biomassa \u2014 uma fonte de energia renov\u00e1vel proveniente de cavacos de madeira. A nova caldeira, que estar\u00e1 em opera\u00e7\u00e3o at\u00e9 o final deste ano, n\u00e3o s\u00f3 ampliar\u00e1 nossa capacidade produtiva, como tamb\u00e9m permitir\u00e1 uma significativa redu\u00e7\u00e3o das emiss\u00f5es atmosf\u00e9ricas.<\/p><p>Esse investimento \u00e9 parte de um esfor\u00e7o cont\u00ednuo iniciado em 2019, quando a Bom Princ\u00edpio passou a adotar fontes de energia limpas e renov\u00e1veis, como energia e\u00f3lica, solar, biomassa e pequenas centrais hidrel\u00e9tricas (PCH e CGH). Desde ent\u00e3o, a empresa evitou a emiss\u00e3o de 521 toneladas de di\u00f3xido de carbono (CO\u00b2) para a atmosfera, contribuindo para um futuro mais sustent\u00e1vel.<\/p><p><strong>Gest\u00e3o Sustent\u00e1vel de Recursos Naturais <\/strong><\/p><p>Al\u00e9m da redu\u00e7\u00e3o da pegada de carbono, a Bom Princ\u00edpio tamb\u00e9m se destaca pelo uso respons\u00e1vel dos recursos h\u00eddricos. A empresa capta e trata cerca de 200 mil litros de \u00e1gua por dia, utilizando-a no processo produtivo e devolvendo-a ao meio ambiente por meio de fertirriga\u00e7\u00e3o. Com uma esta\u00e7\u00e3o de tratamento em opera\u00e7\u00e3o desde 2010, a Bom Princ\u00edpio segue investindo em melhorias cont\u00ednuas, com mais de R$ 200 mil aplicados no \u00faltimo ano para aprimorar a capacidade e efic\u00e1cia da esta\u00e7\u00e3o.<\/p><p><strong>Compromisso com a Log\u00edstica Reversa<\/strong><\/p><p>A Bom Princ\u00edpio tamb\u00e9m integra a Associa\u00e7\u00e3o de Log\u00edstica Reversa de Embalagens (ASLORE), desenvolvendo projetos para garantir a devolu\u00e7\u00e3o e reciclagem de, no m\u00ednimo, 22% das embalagens p\u00f3s-consumo. Essa iniciativa faz parte de uma estrat\u00e9gia mais ampla para reduzir o desperd\u00edcio e promover a economia circular.<\/p><p><em><strong>A Bom Princ\u00edpio Alimentos continua a trilhar o caminho do crescimento sustent\u00e1vel, buscando sempre inovar e adotar pr\u00e1ticas que beneficiem o meio ambiente e a sociedade.<\/strong><\/em><\/p><p><b><span data-olk-copy-source=\"MessageBody\">Bom Princ\u00edpio Alimentos recebe certificado por destina\u00e7\u00e3o correta de res\u00edduos<\/span><\/b><\/p><p>A Bom Princ\u00edpio Alimentos conquistou a certifica\u00e7\u00e3o da POLPEL Fibras, que reconhece o correto gerenciamento e destina\u00e7\u00e3o dos res\u00edduos de Liner \u2014 material proveniente do descarte das etiquetas adesivas utilizadas nas embalagens.<\/p><p>Em setembro de 2025, a empresa destinou 3.000 kg desse res\u00edduo para a POLPEL Fibras, que realizou o processo de reciclagem e transforma\u00e7\u00e3o em celulose certificada FSC, utilizada posteriormente na fabrica\u00e7\u00e3o de papel.<\/p><p>O resultado dessa iniciativa representa 10.500 kW de economia de energia e a preserva\u00e7\u00e3o equivalente a 90 \u00e1rvores, refor\u00e7ando o compromisso da Bom Princ\u00edpio Alimentos com a sustentabilidade, a economia circular e a valoriza\u00e7\u00e3o de pr\u00e1ticas ambientais respons\u00e1veis.<\/p><p>A certifica\u00e7\u00e3o evidencia o empenho cont\u00ednuo da companhia em reduzir impactos ambientais e promover o reaproveitamento de materiais, contribuindo para um ciclo produtivo cada vez mais eficiente e sustent\u00e1vel.<\/p><p><b><span data-olk-copy-source=\"MessageBody\">Bom Princ\u00edpio Alimentos investe em inclus\u00e3o lingu\u00edstica para integrar novos colaboradores estrangeiros<\/span><\/b><br \/><br \/>A Bom Princ\u00edpio Alimentos deu in\u00edcio, em agosto, ao projeto \u201cConex\u00f5es que Transformam\u201d, uma iniciativa voltada \u00e0 promo\u00e7\u00e3o da integra\u00e7\u00e3o e do di\u00e1logo entre colaboradores de diferentes nacionalidades.<\/p><p>O programa oferece aulas de portugu\u00eas para colaboradores estrangeiros, majoritariamente venezuelanos, e aulas de espanhol para os times que convivem e se comunicam com eles no ambiente de trabalho. As atividades acontecem quinzenalmente e j\u00e1 contam com quatro turmas em andamento.<\/p><p>Mais do que ensinar um novo idioma, o projeto tem fortalecido v\u00ednculos, quebrando barreiras lingu\u00edsticas e culturais e contribu\u00eddo para a constru\u00e7\u00e3o de um ambiente mais acolhedor e colaborativo.<\/p>\t\t\t\t\t\t\t\t<\/div>\n\t\t\t\t<\/div>\n\t\t\t\t<\/div>\n\t\t\t\t\t<\/div>\n\t\t\t\t<\/div>\n\t\t<div class=\"elementor-element elementor-element-73dded3 e-flex e-con-boxed e-con e-parent\" data-id=\"73dded3\" data-element_type=\"container\">\n\t\t\t\t\t<div class=\"e-con-inner\">\n\t\t\t\t<div class=\"elementor-element elementor-element-493d268 elementor-widget elementor-widget-text-editor\" data-id=\"493d268\" data-element_type=\"widget\" data-widget_type=\"text-editor.default\">\n\t\t\t\t<div class=\"elementor-widget-container\">\n\t\t\t\t\t\t\t\t\t<p>Lorem ipsum dolor sit amet, consectetur adipiscing elit. Ut elit tellus, luctus nec ullamcorper mattis, pulvinar dapibus leo.<\/p>\t\t\t\t\t\t\t\t<\/div>\n\t\t\t\t<\/div>\n\t\t\t\t\t<\/div>\n\t\t\t\t<\/div>\n\t\t\t\t<\/div>\n\t\t","protected":false},"excerpt":{"rendered":"<p>ESG Conhe\u00e7a nossas pr\u00e1ticas de sustentabilidade empresarial:meio ambiente, social e governan\u00e7a. Conhe\u00e7a nossas a\u00e7\u00f5es Bom Princ\u00edpio Alimentos investe R$ 6 mi em matriz energ\u00e9tica renov\u00e1vel Em sintonia com nossa estrat\u00e9gia socioambiental, investimos R$ 6 milh\u00f5es na instala\u00e7\u00e3o de uma nova caldeira alimentada por biomassa \u2014 uma fonte de energia renov\u00e1vel proveniente de cavacos de madeira&#8230;.  <a class=\"excerpt-read-more\" href=\"https:\/\/www.bomprincipioalimentos.com.br\/site\/esg\/\" title=\"Read ESG\">Leia mais &raquo;<\/a><\/p>\n","protected":false},"author":1,"featured_media":0,"parent":0,"menu_order":0,"comment_status":"closed","ping_status":"closed","template":"","meta":{"_acf_changed":false,"footnotes":""},"class_list":["post-1835","page","type-page","status-publish","hentry"],"acf":[],"yoast_head":"<!-- This site is optimized with the Yoast SEO plugin v27.1.1 - https:\/\/yoast.com\/product\/yoast-seo-wordpress\/ -->\n<title>ESG - Bom Princ\u00edpio Alimentos<\/title>\n<meta name=\"robots\" content=\"index, follow, max-snippet:-1, max-image-preview:large, max-video-preview:-1\" \/>\n<link rel=\"canonical\" href=\"https:\/\/www.bomprincipioalimentos.com.br\/site\/esg\/\" \/>\n<meta property=\"og:locale\" content=\"pt_BR\" \/>\n<meta property=\"og:type\" content=\"article\" \/>\n<meta property=\"og:title\" content=\"ESG - Bom Princ\u00edpio Alimentos\" \/>\n<meta property=\"og:description\" content=\"ESG Conhe\u00e7a nossas pr\u00e1ticas de sustentabilidade empresarial:meio ambiente, social e governan\u00e7a. Conhe\u00e7a nossas a\u00e7\u00f5es Bom Princ\u00edpio Alimentos investe R$ 6 mi em matriz energ\u00e9tica renov\u00e1vel Em sintonia com nossa estrat\u00e9gia socioambiental, investimos R$ 6 milh\u00f5es na instala\u00e7\u00e3o de uma nova caldeira alimentada por biomassa \u2014 uma fonte de energia renov\u00e1vel proveniente de cavacos de madeira.... Leia mais &raquo;\" \/>\n<meta property=\"og:url\" content=\"https:\/\/www.bomprincipioalimentos.com.br\/site\/esg\/\" \/>\n<meta property=\"og:site_name\" content=\"Bom Princ\u00edpio Alimentos\" \/>\n<meta property=\"article:modified_time\" content=\"2025-10-27T12:45:40+00:00\" \/>\n<meta property=\"og:image\" content=\"https:\/\/www.bomprincipioalimentos.com.br\/site\/wp-content\/uploads\/2024\/12\/tree-2515748_1280.png\" \/>\n\t<meta property=\"og:image:width\" content=\"938\" \/>\n\t<meta property=\"og:image:height\" content=\"1487\" \/>\n\t<meta property=\"og:image:type\" content=\"image\/png\" \/>\n<meta name=\"twitter:card\" content=\"summary_large_image\" \/>\n<meta name=\"twitter:label1\" content=\"Est. tempo de leitura\" \/>\n\t<meta name=\"twitter:data1\" content=\"4 minutos\" \/>\n<script type=\"application\/ld+json\" class=\"yoast-schema-graph\">{\"@context\":\"https:\/\/schema.org\",\"@graph\":[{\"@type\":\"WebPage\",\"@id\":\"https:\/\/www.bomprincipioalimentos.com.br\/site\/esg\/\",\"url\":\"https:\/\/www.bomprincipioalimentos.com.br\/site\/esg\/\",\"name\":\"ESG - Bom Princ\u00edpio Alimentos\",\"isPartOf\":{\"@id\":\"https:\/\/www.bomprincipioalimentos.com.br\/site\/#website\"},\"primaryImageOfPage\":{\"@id\":\"https:\/\/www.bomprincipioalimentos.com.br\/site\/esg\/#primaryimage\"},\"image\":{\"@id\":\"https:\/\/www.bomprincipioalimentos.com.br\/site\/esg\/#primaryimage\"},\"thumbnailUrl\":\"https:\/\/www.bomprincipioalimentos.com.br\/site\/wp-content\/uploads\/2024\/12\/tree-2515748_1280-646x1024.png\",\"datePublished\":\"2024-12-02T17:47:33+00:00\",\"dateModified\":\"2025-10-27T12:45:40+00:00\",\"breadcrumb\":{\"@id\":\"https:\/\/www.bomprincipioalimentos.com.br\/site\/esg\/#breadcrumb\"},\"inLanguage\":\"pt-BR\",\"potentialAction\":[{\"@type\":\"ReadAction\",\"target\":[\"https:\/\/www.bomprincipioalimentos.com.br\/site\/esg\/\"]}]},{\"@type\":\"ImageObject\",\"inLanguage\":\"pt-BR\",\"@id\":\"https:\/\/www.bomprincipioalimentos.com.br\/site\/esg\/#primaryimage\",\"url\":\"https:\/\/www.bomprincipioalimentos.com.br\/site\/wp-content\/uploads\/2024\/12\/tree-2515748_1280.png\",\"contentUrl\":\"https:\/\/www.bomprincipioalimentos.com.br\/site\/wp-content\/uploads\/2024\/12\/tree-2515748_1280.png\",\"width\":938,\"height\":1487},{\"@type\":\"BreadcrumbList\",\"@id\":\"https:\/\/www.bomprincipioalimentos.com.br\/site\/esg\/#breadcrumb\",\"itemListElement\":[{\"@type\":\"ListItem\",\"position\":1,\"name\":\"In\u00edcio\",\"item\":\"https:\/\/www.bomprincipioalimentos.com.br\/site\/\"},{\"@type\":\"ListItem\",\"position\":2,\"name\":\"ESG\"}]},{\"@type\":\"WebSite\",\"@id\":\"https:\/\/www.bomprincipioalimentos.com.br\/site\/#website\",\"url\":\"https:\/\/www.bomprincipioalimentos.com.br\/site\/\",\"name\":\"Bom Princ\u00edpio Alimentos\",\"description\":\"\",\"publisher\":{\"@id\":\"https:\/\/www.bomprincipioalimentos.com.br\/site\/#organization\"},\"potentialAction\":[{\"@type\":\"SearchAction\",\"target\":{\"@type\":\"EntryPoint\",\"urlTemplate\":\"https:\/\/www.bomprincipioalimentos.com.br\/site\/?s={search_term_string}\"},\"query-input\":{\"@type\":\"PropertyValueSpecification\",\"valueRequired\":true,\"valueName\":\"search_term_string\"}}],\"inLanguage\":\"pt-BR\"},{\"@type\":\"Organization\",\"@id\":\"https:\/\/www.bomprincipioalimentos.com.br\/site\/#organization\",\"name\":\"Bom Princ\u00edpio Alimentos\",\"url\":\"https:\/\/www.bomprincipioalimentos.com.br\/site\/\",\"logo\":{\"@type\":\"ImageObject\",\"inLanguage\":\"pt-BR\",\"@id\":\"https:\/\/www.bomprincipioalimentos.com.br\/site\/#\/schema\/logo\/image\/\",\"url\":\"https:\/\/www.bomprincipioalimentos.com.br\/site\/wp-content\/uploads\/2024\/11\/logo-footer-bom-principio-alimentos.webp\",\"contentUrl\":\"https:\/\/www.bomprincipioalimentos.com.br\/site\/wp-content\/uploads\/2024\/11\/logo-footer-bom-principio-alimentos.webp\",\"width\":561,\"height\":231,\"caption\":\"Bom Princ\u00edpio Alimentos\"},\"image\":{\"@id\":\"https:\/\/www.bomprincipioalimentos.com.br\/site\/#\/schema\/logo\/image\/\"}}]}<\/script>\n<!-- \/ Yoast SEO plugin. -->","yoast_head_json":{"title":"ESG - Bom Princ\u00edpio Alimentos","robots":{"index":"index","follow":"follow","max-snippet":"max-snippet:-1","max-image-preview":"max-image-preview:large","max-video-preview":"max-video-preview:-1"},"canonical":"https:\/\/www.bomprincipioalimentos.com.br\/site\/esg\/","og_locale":"pt_BR","og_type":"article","og_title":"ESG - Bom Princ\u00edpio Alimentos","og_description":"ESG Conhe\u00e7a nossas pr\u00e1ticas de sustentabilidade empresarial:meio ambiente, social e governan\u00e7a. Conhe\u00e7a nossas a\u00e7\u00f5es Bom Princ\u00edpio Alimentos investe R$ 6 mi em matriz energ\u00e9tica renov\u00e1vel Em sintonia com nossa estrat\u00e9gia socioambiental, investimos R$ 6 milh\u00f5es na instala\u00e7\u00e3o de uma nova caldeira alimentada por biomassa \u2014 uma fonte de energia renov\u00e1vel proveniente de cavacos de madeira.... Leia mais &raquo;","og_url":"https:\/\/www.bomprincipioalimentos.com.br\/site\/esg\/","og_site_name":"Bom Princ\u00edpio Alimentos","article_modified_time":"2025-10-27T12:45:40+00:00","og_image":[{"width":938,"height":1487,"url":"https:\/\/www.bomprincipioalimentos.com.br\/site\/wp-content\/uploads\/2024\/12\/tree-2515748_1280.png","type":"image\/png"}],"twitter_card":"summary_large_image","twitter_misc":{"Est. tempo de leitura":"4 minutos"},"schema":{"@context":"https:\/\/schema.org","@graph":[{"@type":"WebPage","@id":"https:\/\/www.bomprincipioalimentos.com.br\/site\/esg\/","url":"https:\/\/www.bomprincipioalimentos.com.br\/site\/esg\/","name":"ESG - Bom Princ\u00edpio Alimentos","isPartOf":{"@id":"https:\/\/www.bomprincipioalimentos.com.br\/site\/#website"},"primaryImageOfPage":{"@id":"https:\/\/www.bomprincipioalimentos.com.br\/site\/esg\/#primaryimage"},"image":{"@id":"https:\/\/www.bomprincipioalimentos.com.br\/site\/esg\/#primaryimage"},"thumbnailUrl":"https:\/\/www.bomprincipioalimentos.com.br\/site\/wp-content\/uploads\/2024\/12\/tree-2515748_1280-646x1024.png","datePublished":"2024-12-02T17:47:33+00:00","dateModified":"2025-10-27T12:45:40+00:00","breadcrumb":{"@id":"https:\/\/www.bomprincipioalimentos.com.br\/site\/esg\/#breadcrumb"},"inLanguage":"pt-BR","potentialAction":[{"@type":"ReadAction","target":["https:\/\/www.bomprincipioalimentos.com.br\/site\/esg\/"]}]},{"@type":"ImageObject","inLanguage":"pt-BR","@id":"https:\/\/www.bomprincipioalimentos.com.br\/site\/esg\/#primaryimage","url":"https:\/\/www.bomprincipioalimentos.com.br\/site\/wp-content\/uploads\/2024\/12\/tree-2515748_1280.png","contentUrl":"https:\/\/www.bomprincipioalimentos.com.br\/site\/wp-content\/uploads\/2024\/12\/tree-2515748_1280.png","width":938,"height":1487},{"@type":"BreadcrumbList","@id":"https:\/\/www.bomprincipioalimentos.com.br\/site\/esg\/#breadcrumb","itemListElement":[{"@type":"ListItem","position":1,"name":"In\u00edcio","item":"https:\/\/www.bomprincipioalimentos.com.br\/site\/"},{"@type":"ListItem","position":2,"name":"ESG"}]},{"@type":"WebSite","@id":"https:\/\/www.bomprincipioalimentos.com.br\/site\/#website","url":"https:\/\/www.bomprincipioalimentos.com.br\/site\/","name":"Bom Princ\u00edpio Alimentos","description":"","publisher":{"@id":"https:\/\/www.bomprincipioalimentos.com.br\/site\/#organization"},"potentialAction":[{"@type":"SearchAction","target":{"@type":"EntryPoint","urlTemplate":"https:\/\/www.bomprincipioalimentos.com.br\/site\/?s={search_term_string}"},"query-input":{"@type":"PropertyValueSpecification","valueRequired":true,"valueName":"search_term_string"}}],"inLanguage":"pt-BR"},{"@type":"Organization","@id":"https:\/\/www.bomprincipioalimentos.com.br\/site\/#organization","name":"Bom Princ\u00edpio Alimentos","url":"https:\/\/www.bomprincipioalimentos.com.br\/site\/","logo":{"@type":"ImageObject","inLanguage":"pt-BR","@id":"https:\/\/www.bomprincipioalimentos.com.br\/site\/#\/schema\/logo\/image\/","url":"https:\/\/www.bomprincipioalimentos.com.br\/site\/wp-content\/uploads\/2024\/11\/logo-footer-bom-principio-alimentos.webp","contentUrl":"https:\/\/www.bomprincipioalimentos.com.br\/site\/wp-content\/uploads\/2024\/11\/logo-footer-bom-principio-alimentos.webp","width":561,"height":231,"caption":"Bom Princ\u00edpio Alimentos"},"image":{"@id":"https:\/\/www.bomprincipioalimentos.com.br\/site\/#\/schema\/logo\/image\/"}}]}},"_links":{"self":[{"href":"https:\/\/www.bomprincipioalimentos.com.br\/site\/wp-json\/wp\/v2\/pages\/1835","targetHints":{"allow":["GET"]}}],"collection":[{"href":"https:\/\/www.bomprincipioalimentos.com.br\/site\/wp-json\/wp\/v2\/pages"}],"about":[{"href":"https:\/\/www.bomprincipioalimentos.com.br\/site\/wp-json\/wp\/v2\/types\/page"}],"author":[{"embeddable":true,"href":"https:\/\/www.bomprincipioalimentos.com.br\/site\/wp-json\/wp\/v2\/users\/1"}],"replies":[{"embeddable":true,"href":"https:\/\/www.bomprincipioalimentos.com.br\/site\/wp-json\/wp\/v2\/comments?post=1835"}],"version-history":[{"count":6,"href":"https:\/\/www.bomprincipioalimentos.com.br\/site\/wp-json\/wp\/v2\/pages\/1835\/revisions"}],"predecessor-version":[{"id":3764,"href":"https:\/\/www.bomprincipioalimentos.com.br\/site\/wp-json\/wp\/v2\/pages\/1835\/revisions\/3764"}],"wp:attachment":[{"href":"https:\/\/www.bomprincipioalimentos.com.br\/site\/wp-json\/wp\/v2\/media?parent=1835"}],"curies":[{"name":"wp","href":"https:\/\/api.w.org\/{rel}","templated":true}]}}